{"id":9,"date":"2019-12-26T15:34:36","date_gmt":"2019-12-26T15:34:36","guid":{"rendered":"http:\/\/paarberatung-hagemann.de\/?page_id=9"},"modified":"2020-03-16T14:46:47","modified_gmt":"2020-03-16T14:46:47","slug":"paarberatung","status":"publish","type":"page","link":"https:\/\/paarberatung-hagemann.de\/?page_id=9","title":{"rendered":"Paarberatung"},"content":{"rendered":"\n<h3 class=\"has-text-align-center wp-block-heading\"><strong>Sich verstanden f\u00fchlen.<\/strong> <strong>Wege zueinander finden. Distanz \u00fcberbr\u00fccken.<\/strong><\/h3>\n\n\n\n<figure class=\"wp-block-image alignfull size-large\"><img fetchpriority=\"high\" decoding=\"async\" width=\"1024\" height=\"412\" src=\"http:\/\/paarberatung-hagemann.de\/wp-content\/uploads\/2020\/03\/Paar-H\u00e4ndchen-haltend-1024x412.jpg\" alt=\"\" class=\"wp-image-446\" srcset=\"https:\/\/paarberatung-hagemann.de\/wp-content\/uploads\/2020\/03\/Paar-H\u00e4ndchen-haltend-1024x412.jpg 1024w, https:\/\/paarberatung-hagemann.de\/wp-content\/uploads\/2020\/03\/Paar-H\u00e4ndchen-haltend-300x121.jpg 300w, https:\/\/paarberatung-hagemann.de\/wp-content\/uploads\/2020\/03\/Paar-H\u00e4ndchen-haltend-768x309.jpg 768w, https:\/\/paarberatung-hagemann.de\/wp-content\/uploads\/2020\/03\/Paar-H\u00e4ndchen-haltend-1536x618.jpg 1536w, https:\/\/paarberatung-hagemann.de\/wp-content\/uploads\/2020\/03\/Paar-H\u00e4ndchen-haltend-2048x824.jpg 2048w\" sizes=\"(max-width: 1024px) 100vw, 1024px\" \/><\/figure>\n\n\n\n<p class=\"has-text-align-right has-small-font-size\">Von <a href=\"https:\/\/www.shutterstock.com\/de\/g\/Osons\">Rock and Wasp<\/a> auf <a href=\"http:\/\/www.shutterstock.com\/\">Shutterstock <\/a><\/p>\n\n\n\n<p><em>\u201eInstinktiv sp\u00fcren wir, dass keine andere Erfahrung unser Leben \u2013 oder unser Gl\u00fcck, unser Wohlbefinden \u2013 jemals st\u00e4rker beeinflussen wird, als erfolgreich zu lieben und wiedergeliebt zu werden.\u201c<\/em><\/p>\n\n\n\n<p class=\"has-small-font-size\">(Johnson, Susan M. <em>Liebe macht Sinn. Revolution\u00e4re neue Erkenntnisse \u00fcber das, was Paare zusammenh\u00e4lt, <\/em>Random House, 2017, S. 9)<\/p>\n\n\n\n<p>  <\/p>\n\n\n\n<h2 class=\"wp-block-heading\"><strong>Wie ich arbeite<\/strong><\/h2>\n\n\n\n<p>In der Beratung von Paaren geht es mir zun\u00e4chst darum, genau zuzuh\u00f6ren und zu verstehen, was Sie beide bewegt. Dabei gehe ich davon aus, dass sich Ihre Situation durch ein Muster entwickelt hat, an dem Sie beide Anteil haben. Dieses Muster stellt sich oft als Teufelskreis heraus. <b>In unseren Gespr\u00e4chen begleite ich Sie einf\u00fchlsam auf Ihrem Weg heraus aus dem Teufelskreis<\/b> <strong>in ein liebevolleres Miteinander.<\/strong><\/p>\n\n\n\n<p>In diesem Prozess ist die Emotionsfokussierte Paartherapie (Emotionally Focused Couple Therapy \u2013 <strong>EFT<\/strong>) nicht nur die theoretisch-wissenschaftliche Basis meiner Arbeit, sondern auch eine Art der Begleitung von Paaren, die anhaltend wirksam ist und mich wirklich begeistert. Immer wieder bin ich \u00fcberrascht, sehr ber\u00fchrt und voller Freude, wenn ich erlebe, was diese Begleitung bei Paaren ver\u00e4ndert. <\/p>\n\n\n\n<p>Die aktuellen Forschungsergebnisse zeigen, dass die EFT Paarberatung Paaren nachhaltiger und wirksamer hilft, als  jede andere verf\u00fcgbare Paartherapiemethode. <br>(vgl. Roesler, Christian. <em>Paarprobleme und Paartherapie: Theorien, Methoden, Forschung &#8211; ein integratives Lehrbuch. <\/em>Kohlhammer, 2018, S. 265ff)<\/p>\n\n\n\n<p>Meine Kenntnisse und jahrelangen Erfahrungen als Systemische Beraterin  und Psychoanalytische Paarberaterin sind f\u00fcr die Beratungsprozesse sehr hilfreich und bilden neben der EFT die Grundlage meiner Arbeit.<\/p>\n\n\n\n<h2 class=\"wp-block-heading\"><strong>Was Sie in der Paarberatung erwartet<\/strong><\/h2>\n\n\n\n<p>In dem gesch\u00fctzten Rahmen der Paarberatung begleite ich Sie in Ihrem individuellen Prozess. Sie werden&#8230; <\/p>\n\n\n\n<ul class=\"wp-block-list\"><li> \u2026 verstehen, wie spontane Gef\u00fchle und impulsives Verhalten Ihr Beziehungsmuster schaffen und verst\u00e4rken, <\/li><li>\u2026 erforschen, welche Bed\u00fcrfnisse hinter den Gef\u00fchlen oder dem Verhalten verborgen sind, <\/li><li> \u2026 sich auf eine neue Weise mitteilen und zuh\u00f6ren, wodurch Sie gemeinsam zu neuer N\u00e4he, Geborgenheit und Verbundenheit gelangen,   <\/li><li> \u2026 sich aus Ihrem alten Beziehungsmuster l\u00f6sen und einen Neuanfang wagen k\u00f6nnen. <\/li><\/ul>\n\n\n\n<p><strong>Das Ziel der Paarberatung ist, mit sich selbst sowie als Paar neu in Kontakt zu kommen. <\/strong> <\/p>\n\n\n\n<h2 class=\"wp-block-heading\"><strong>Wenn sich keine neue Verbindung aufbauen l\u00e4sst <\/strong> <\/h2>\n\n\n\n<p>In manchen F\u00e4llen f\u00fchrt dieser Prozess jedoch auch zu der schmerzlichen Einsicht, dass eine Verbindung nicht mehr aufgebaut werden kann. Dann kann eine Trennung f\u00fcr beide Partner ein guter Weg sein. Auch auf diesem Weg begleite ich Sie, damit Sie sich wertsch\u00e4tzend und respektvoll voneinander l\u00f6sen k\u00f6nnen. Wenn Sie Kinder haben, schauen wir, wie sie weiter ein gutes Elternpaar bleiben k\u00f6nnen. Durch meine Arbeit im Kinderschutzbund und in der Paarberatung habe ich gelernt wie wichtig es ist, Kinder im Trennungsprozess gut im Blick zu behalten und liebevoll zu begleiten.<\/p>\n","protected":false},"excerpt":{"rendered":"<p>Sich verstanden f\u00fchlen. Wege zueinander finden. Distanz \u00fcberbr\u00fccken. Von Rock and Wasp auf Shutterstock \u201eInstinktiv sp\u00fcren wir, dass keine andere Erfahrung unser Leben \u2013 oder unser Gl\u00fcck, unser Wohlbefinden \u2013 jemals st\u00e4rker beeinflussen wird, als erfolgreich zu lieben und wiedergeliebt zu werden.\u201c (Johnson, Susan M. Liebe macht Sinn. Revolution\u00e4re neue Erkenntnisse \u00fcber das, was Paare [&hellip;]<\/p>\n","protected":false},"author":1,"featured_media":0,"parent":0,"menu_order":0,"comment_status":"closed","ping_status":"closed","template":"","meta":{"site-sidebar-layout":"default","site-content-layout":"default","ast-site-content-layout":"default","site-content-style":"default","site-sidebar-style":"default","ast-global-header-display":"","ast-banner-title-visibility":"","ast-main-header-display":"","ast-hfb-above-header-display":"","ast-hfb-below-header-display":"","ast-hfb-mobile-header-display":"","site-post-title":"disabled","ast-breadcrumbs-content":"","ast-featured-img":"","footer-sml-layout":"","ast-disable-related-posts":"","theme-transparent-header-meta":"default","adv-header-id-meta":"","stick-header-meta":"","header-above-stick-meta":"","header-main-stick-meta":"","header-below-stick-meta":"","astra-migrate-meta-layouts":"default","ast-page-background-enabled":"default","ast-page-background-meta":{"desktop":{"background-color":"","background-image":"","background-repeat":"repeat","background-position":"center center","background-size":"auto","background-attachment":"scroll","background-type":"","background-media":"","overlay-type":"","overlay-color":"","overlay-opacity":"","overlay-gradient":""},"tablet":{"background-color":"","background-image":"","background-repeat":"repeat","background-position":"center center","background-size":"auto","background-attachment":"scroll","background-type":"","background-media":"","overlay-type":"","overlay-color":"","overlay-opacity":"","overlay-gradient":""},"mobile":{"background-color":"","background-image":"","background-repeat":"repeat","background-position":"center center","background-size":"auto","background-attachment":"scroll","background-type":"","background-media":"","overlay-type":"","overlay-color":"","overlay-opacity":"","overlay-gradient":""}},"ast-content-background-meta":{"desktop":{"background-color":"var(--ast-global-color-5)","background-image":"","background-repeat":"repeat","background-position":"center center","background-size":"auto","background-attachment":"scroll","background-type":"","background-media":"","overlay-type":"","overlay-color":"","overlay-opacity":"","overlay-gradient":""},"tablet":{"background-color":"var(--ast-global-color-5)","background-image":"","background-repeat":"repeat","background-position":"center center","background-size":"auto","background-attachment":"scroll","background-type":"","background-media":"","overlay-type":"","overlay-color":"","overlay-opacity":"","overlay-gradient":""},"mobile":{"background-color":"var(--ast-global-color-5)","background-image":"","background-repeat":"repeat","background-position":"center center","background-size":"auto","background-attachment":"scroll","background-type":"","background-media":"","overlay-type":"","overlay-color":"","overlay-opacity":"","overlay-gradient":""}},"footnotes":""},"class_list":["post-9","page","type-page","status-publish","hentry"],"_links":{"self":[{"href":"https:\/\/paarberatung-hagemann.de\/index.php?rest_route=\/wp\/v2\/pages\/9","targetHints":{"allow":["GET"]}}],"collection":[{"href":"https:\/\/paarberatung-hagemann.de\/index.php?rest_route=\/wp\/v2\/pages"}],"about":[{"href":"https:\/\/paarberatung-hagemann.de\/index.php?rest_route=\/wp\/v2\/types\/page"}],"author":[{"embeddable":true,"href":"https:\/\/paarberatung-hagemann.de\/index.php?rest_route=\/wp\/v2\/users\/1"}],"replies":[{"embeddable":true,"href":"https:\/\/paarberatung-hagemann.de\/index.php?rest_route=%2Fwp%2Fv2%2Fcomments&post=9"}],"version-history":[{"count":44,"href":"https:\/\/paarberatung-hagemann.de\/index.php?rest_route=\/wp\/v2\/pages\/9\/revisions"}],"predecessor-version":[{"id":457,"href":"https:\/\/paarberatung-hagemann.de\/index.php?rest_route=\/wp\/v2\/pages\/9\/revisions\/457"}],"wp:attachment":[{"href":"https:\/\/paarberatung-hagemann.de\/index.php?rest_route=%2Fwp%2Fv2%2Fmedia&parent=9"}],"curies":[{"name":"wp","href":"https:\/\/api.w.org\/{rel}","templated":true}]}}