{"id":189,"date":"2019-12-30T16:52:25","date_gmt":"2019-12-30T16:52:25","guid":{"rendered":"http:\/\/paarberatung-hagemann.de\/?page_id=189"},"modified":"2026-01-09T15:24:30","modified_gmt":"2026-01-09T15:24:30","slug":"datenschutz","status":"publish","type":"page","link":"https:\/\/paarberatung-hagemann.de\/?page_id=189","title":{"rendered":"Datenschutz"},"content":{"rendered":"\n<p><strong>Informationen zum Datenschutz<\/strong>&nbsp;<\/p>\n\n\n\n<p class=\"has-normal-font-size\"><strong>1. Einleitung<\/strong><br>Dieser Online-Auftritt wird von der Paarberatung Sandra Hagemann zur Verf\u00fcgung gestellt. Nachstehend informieren wir Sie gem\u00e4\u00df Artikel 13 der EU Datenschutzgrundverordnung (DSGVO) \u00fcber die Verarbeitung Ihrer personenbezogenen Daten beim Aufruf und Nutzung unserer Webseiten. <\/p>\n\n\n\n<p class=\"has-normal-font-size\"><strong>2. Verantwortlicher<br><\/strong>Sie erreichen die Verantwortliche gem\u00e4\u00df Artikel 4 Absatz 7 DSGVO unter der folgenden Adresse:<br>Paarberatung Sandra Hagemann, Reichenbachstr. 3, 21335 L\u00fcneburg<br>Weitere Informationen und Kontaktm\u00f6glichkeiten entnehmen Sie bitte den Angaben aus dem <a href=\"http:\/\/paarberatung-hagemann.de\/?page_id=185\">Impressum<\/a>.<\/p>\n\n\n\n<p class=\"has-normal-font-size\"><strong>3. Verarbeitung Ihrer personenbezogenen Daten<\/strong><\/p>\n\n\n\n<p class=\"has-normal-font-size\"><strong>3.1. Allgemeine \u00dcbersicht \u00fcber die Verarbeitungst\u00e4tigkeiten<br> <\/strong>Wir verarbeiten Ihre personenbezogenen Daten f\u00fcr folgende Zwecke:<br> \u2013 Betrieb von unserem Online-Auftritt<br> \u2013 Informationen zu unseren Dienstleistungen<br> \u2013 Kontaktaufnahme&nbsp;<br>Eine \u00dcbermittlung Ihrer personenbezogenen Daten in Drittstaaten oder ein Profiling findet nicht statt.<\/p>\n\n\n\n<p class=\"has-normal-font-size\"><strong>3.2. Betrieb der Webseiten<br><\/strong>3.2.1. Art und Umfang der Datenverarbeitung<br>Bei dem Aufruf unserer Webseiten werden durch Ihren Browser Informationen an uns \u00fcbermittelt, wie z.B.&nbsp;<br>&#8211; Kunden-Domain, <br>&#8211; Anonymisierte Client-IP, <br>&#8211; Request-Zeile, <br>&#8211; Datum und Uhrzeit Ihres Besuchs, <br>&#8211; Status Code, <br>&#8211; Gr\u00f6\u00dfe des Response Bodies, <br>&#8211; Referer, der vom Client gesendet wurde, <br>&#8211; User Agent, der vom Client gesendet wurde, <br>&#8211; Remote User.<\/p>\n\n\n\n<p class=\"has-normal-font-size\">3.2.2. Zwecke und Rechtsgrundlagen der Verarbeitung.<br>Unser berechtigtes Interesse an der Verarbeitung Ihrer personenbezogenen Daten erfolgt gem\u00e4\u00df Artikel 6 Absatz 1 Buchstabe f) DSGVO. Unser Interesse liegt dabei in der&nbsp;<br> \u2013 Erm\u00f6glichung der Nutzung unserer Webseiten,<br> \u2013 ansprechenden Darstellung unseres Leistungsportfolios,<br> \u2013 M\u00f6glichkeit der einfachen Kontaktaufnahme durch unsere Interessenten,<br> \u2013 Sicherstellung eines ordnungsgem\u00e4\u00dfen Betriebes unserer Webseiten und<br> \u2013 Erf\u00fcllung rechtlicher Pflichten, d.h. zur Abwehr und Aufkl\u00e4rung von Cyberangriffen<\/p>\n\n\n\n<p class=\"has-normal-font-size\">3.2.3. Kategorien von Empf\u00e4ngern<br>Unser Online-Auftritt wird bei der Firma STRATO AG, Pascalstra\u00dfe 10, 10587 Berlin gehostet. Mit dem Unternehmen wurde eine Vereinbarung zur Auftragsverarbeitung gem\u00e4\u00df Artikel 28 DSGVO vereinbart.<br>Die Weitergabe der personenbezogenen Daten an Dritte, wie z.B. Rechtsberater erfolgt nur, sofern dies zur Abwehr oder Geltendmachung von Rechtsanspr\u00fcchen erforderlich und\/oder wir anderweitig gesetzlich dazu verpflichtet sind.&nbsp;<\/p>\n\n\n\n<p class=\"has-normal-font-size\">3.2.4. Speicherdauer und Betroffenenrechte<\/p>\n\n\n\n<p class=\"has-normal-font-size\">Zur Erkennung von Angriffen speichern wir nicht anonymisierte IP-Adressen maximal sieben Tage. Danach werden sie unwiderruflich anonymisiert. Kunden k\u00f6nnen IP-Adressen jedoch ausschlie\u00dflich und dauerhaft anonymisiert einsehen. <br>Die Erfassung der Daten zur Bereitstellung der Webseite und die Speicherung der Daten in Logfiles ist f\u00fcr den Betrieb der Internetseite zwingend erforderlich. Es bestehen daher keine L\u00f6sch-, Widerspruchs- oder Berichtigungsm\u00f6glichkeiten.<\/p>\n\n\n\n<p class=\"has-normal-font-size\"><strong>4. Betroffenenrechte<br> <\/strong>Soweit Ihre personenbezogenen Daten anl\u00e4sslich des Besuchs unserer Webseiten und bei der Nutzung unserer Dienstleistungen verarbeitet werden, stehen Ihnen diverse Rechte zu, die Sie bei uns unter der Punkt 2 genannten Kontaktadresse geltend machen k\u00f6nnen:<br>\u2013 Sie haben gem\u00e4\u00df Artikel 15 DSGVO uns gegen\u00fcber das Recht, Auskunft dar\u00fcber zu erhalten, welche Daten wir zu Ihrer Person verarbeiten.<br>\u2013 Sollten Ihre Daten nicht richtig oder unvollst\u00e4ndig sein, so k\u00f6nnen Sie gem\u00e4\u00df Artikel 16 DSGVO die Berichtigung unrichtiger oder die Vervollst\u00e4ndigung unvollst\u00e4ndiger Angaben verlangen.<br>\u2013 Unter den Voraussetzungen des Artikel 17 DSGVO k\u00f6nnen Sie die L\u00f6schung Ihrer personenbezogenen Daten verlangen. Ihr Anspruch auf L\u00f6schung h\u00e4ngt u. a. davon ab, ob Ihre Daten von uns zur Erf\u00fcllung gesetzlicher Aufgaben oder aufgrund berechtigter Interessen von uns oder Dritten noch ben\u00f6tigt werden.<br>\u2013 Sie k\u00f6nnen die Einschr\u00e4nkung der Verarbeitung gem\u00e4\u00df Artikel 18 DSGVO Ihrer personenbezogenen Daten verlangen. Das Recht auf Einschr\u00e4nkung der Verarbeitung besteht in folgenden F\u00e4llen:<\/p>\n\n\n\n<p class=\"has-normal-font-size\">* Wenn Sie die Richtigkeit Ihrer bei uns gespeicherten personenbezogenen Daten bestreiten, ben\u00f6tigen wir Zeit, um dies zu \u00fcberpr\u00fcfen. F\u00fcr die Dauer der Pr\u00fcfung haben Sie das Recht, die Einschr\u00e4nkung der Verarbeitung Ihrer personenbezogenen Daten zu verlangen.<br>* Wenn die Verarbeitung Ihrer personenbezogenen Daten unrechtm\u00e4\u00dfig geschah\/geschieht, k\u00f6nnen Sie statt der L\u00f6schung die Einschr\u00e4nkung der Datenverarbeitung verlangen.<br>* Wenn wir Ihre personenbezogenen Daten nicht mehr ben\u00f6tigen, Sie jedoch zur Abwehr oder Geltendmachung von Rechtsanspr\u00fcchen ben\u00f6tigen, haben Sie das Recht, statt der L\u00f6schung die Einschr\u00e4nkung der Verarbeitung Ihrer personenbezogenen Daten zu verlangen.<br>* Wenn Sie einen Widerspruch nach Artikel 21 Abs. 1 DSGVO eingelegt haben, muss eine Abw\u00e4gung zwischen Ihren und unseren Interessen oder Interessen Dritter vorgenommen werden. Solange noch nicht feststeht, wessen Interessen \u00fcberwiegen, haben Sie das Recht, die Einschr\u00e4nkung der Verarbeitung Ihrer personenbezogenen Daten zu verlangen.<br>* Wenn Sie die Verarbeitung Ihrer personenbezogenen Daten eingeschr\u00e4nkt haben, d\u00fcrfen diese Daten \u2013 von ihrer Speicherung abgesehen \u2013 nur mit Ihrer Einwilligung oder zur Geltendmachung, Aus\u00fcbung oder Verteidigung von Rechtsanspr\u00fcchen oder zum Schutz der Rechte einer anderen nat\u00fcrlichen oder juristischen Person oder aus Gr\u00fcnden eines wichtigen \u00f6ffentlichen Interesses der Europ\u00e4ischen Union oder eines Mitgliedstaats verarbeitet werden.<\/p>\n\n\n\n<p class=\"has-normal-font-size\"><br>\u2013 Sie haben gem\u00e4\u00df Artikel 20 DSGVO das Recht, Daten, die auf Grundlage Ihrer Einwilligung oder in Erf\u00fcllung eines Vertrags automatisiert verarbeitet werden, an sich oder an einen Dritten in einem g\u00e4ngigen, maschinenlesbaren Format aush\u00e4ndigen zu lassen. Sofern Sie die direkte \u00dcbertragung der Daten an einen anderen Verantwortlichen verlangen, erfolgt dies nur, soweit es technisch machbar ist.<br>\u2013 Wenn die Datenverarbeitung auf Grundlage von Artikel 6 Absatz 1 Buchstabe f) DSGVO (berechtigtes Interesse) erfolgt, haben Sie jederzeit das Recht, aus Gr\u00fcnden, die sich aus Ihrer besonderen Situation ergeben, gegen die Verarbeitung Ihrer personenbezogenen Daten Widerspruch einzulegen.<br>&#8211; Wenn Sie Widerspruch einlegen, werden wir Ihre personenbezogenen Daten nicht mehr verarbeiten, es sei denn, wir k\u00f6nnen zwingende schutzw\u00fcrdige Gr\u00fcnde f\u00fcr die Verarbeitung nachweisen, die Ihre Interessen, Rechte und Freiheiten \u00fcberwiegen oder die Verarbeitung dient der Abwehr oder Geltendmachung von Rechtsanspr\u00fcchen.&nbsp;<br>Werden Ihre personenbezogenen Daten verarbeitet, um Direktwerbung zu betreiben, so haben Sie das Recht, jederzeit Widerspruch gegen die Verarbeitung Sie betreffender personenbezogener Daten zum Zwecke derartiger Werbung einzulegen.<br>&#8211; Wenn Sie widersprechen, werden Ihre personenbezogenen Daten anschlie\u00dfend nicht mehr zum Zwecke der Direktwerbung verwendet.<br>\u2013 Wenn Sie der Ansicht sind, dass die Verarbeitung der Sie betreffenden personenbezogenen Daten rechtswidrig ist, k\u00f6nnen Sie gem\u00e4\u00df Artikel 77 DSGVO Beschwerde bei einer Aufsichtsbeh\u00f6rde f\u00fcr den Datenschutz einlegen, die f\u00fcr den Ort Ihres Aufenthaltes oder Arbeitsplatzes oder f\u00fcr den Ort des mutma\u00dflichen Versto\u00dfes zust\u00e4ndig ist. Die f\u00fcr uns zust\u00e4ndige Aufsichtsbeh\u00f6rde ist: Die Landesbeauftragte f\u00fcr den Datenschutz Niedersachsen, Prinzenstra\u00dfe 5, 30159 Hannover, <a href=\"https:\/\/lfd.niedersachsen.de\/\">https:\/\/lfd.niedersachsen.de<\/a><\/p>\n\n\n\n<p class=\"has-normal-font-size\"><strong>5. Links zu anderen Internetseiten<br><\/strong>Unsere Webseiten enthalten Links zu anderen Internetseiten. Wir haben keinen Einfluss darauf, dass deren Betreiber die Datenschutzbestimmungen einhalten. Trotz vorheriger sorgf\u00e4ltiger inhaltlicher Kontrolle k\u00f6nnen wir f\u00fcr externe Links zu fremden Inhalten keine Haftung \u00fcbernehmen.<\/p>\n\n\n\n<p class=\"has-normal-font-size\"><strong>6. G\u00fcltigkeit und Aktualisierung dieser Informationen zum Datenschutz<br><\/strong>Durch die Weiterentwicklung unserer Webseiten oder die Implementierung neuer Technologien kann es notwendig werden, diese Informationen mit Wirkung f\u00fcr die Zukunft zu \u00e4ndern. Wir empfehlen Ihnen, sich die jeweils aktuelle Version anzuschauen.<\/p>\n\n\n\n<p class=\"has-normal-font-size\"><b>7. <\/b><strong>Daten\u00fcbertragung im Internet  <\/strong><br>Wir weisen darauf hin, dass die Daten\u00fcbertragung im Internet (z.B. bei der Kommunikation per E-Mail) Sicherheitsl\u00fccken aufweisen kann. Ein l\u00fcckenloser Schutz der Daten vor dem Zugriff durch Dritte ist nicht m\u00f6glich.<\/p>\n\n\n\n<p class=\"has-normal-font-size\">L\u00fcneburg, den 31.12.2025<\/p>\n","protected":false},"excerpt":{"rendered":"<p>Informationen zum Datenschutz&nbsp; 1. EinleitungDieser Online-Auftritt wird von der Paarberatung Sandra Hagemann zur Verf\u00fcgung gestellt. Nachstehend informieren wir Sie gem\u00e4\u00df Artikel 13 der EU Datenschutzgrundverordnung (DSGVO) \u00fcber die Verarbeitung Ihrer personenbezogenen Daten beim Aufruf und Nutzung unserer Webseiten. 2. VerantwortlicherSie erreichen die Verantwortliche gem\u00e4\u00df Artikel 4 Absatz 7 DSGVO unter der folgenden Adresse:Paarberatung Sandra Hagemann, [&hellip;]<\/p>\n","protected":false},"author":1,"featured_media":0,"parent":0,"menu_order":0,"comment_status":"closed","ping_status":"closed","template":"","meta":{"site-sidebar-layout":"default","site-content-layout":"default","ast-site-content-layout":"default","site-content-style":"default","site-sidebar-style":"default","ast-global-header-display":"","ast-banner-title-visibility":"","ast-main-header-display":"","ast-hfb-above-header-display":"","ast-hfb-below-header-display":"","ast-hfb-mobile-header-display":"","site-post-title":"","ast-breadcrumbs-content":"","ast-featured-img":"","footer-sml-layout":"","ast-disable-related-posts":"","theme-transparent-header-meta":"default","adv-header-id-meta":"","stick-header-meta":"","header-above-stick-meta":"","header-main-stick-meta":"","header-below-stick-meta":"","astra-migrate-meta-layouts":"set","ast-page-background-enabled":"default","ast-page-background-meta":{"desktop":{"background-color":"","background-image":"","background-repeat":"repeat","background-position":"center center","background-size":"auto","background-attachment":"scroll","background-type":"","background-media":"","overlay-type":"","overlay-color":"","overlay-opacity":"","overlay-gradient":""},"tablet":{"background-color":"","background-image":"","background-repeat":"repeat","background-position":"center center","background-size":"auto","background-attachment":"scroll","background-type":"","background-media":"","overlay-type":"","overlay-color":"","overlay-opacity":"","overlay-gradient":""},"mobile":{"background-color":"","background-image":"","background-repeat":"repeat","background-position":"center center","background-size":"auto","background-attachment":"scroll","background-type":"","background-media":"","overlay-type":"","overlay-color":"","overlay-opacity":"","overlay-gradient":""}},"ast-content-background-meta":{"desktop":{"background-color":"var(--ast-global-color-5)","background-image":"","background-repeat":"repeat","background-position":"center center","background-size":"auto","background-attachment":"scroll","background-type":"","background-media":"","overlay-type":"","overlay-color":"","overlay-opacity":"","overlay-gradient":""},"tablet":{"background-color":"var(--ast-global-color-5)","background-image":"","background-repeat":"repeat","background-position":"center center","background-size":"auto","background-attachment":"scroll","background-type":"","background-media":"","overlay-type":"","overlay-color":"","overlay-opacity":"","overlay-gradient":""},"mobile":{"background-color":"var(--ast-global-color-5)","background-image":"","background-repeat":"repeat","background-position":"center center","background-size":"auto","background-attachment":"scroll","background-type":"","background-media":"","overlay-type":"","overlay-color":"","overlay-opacity":"","overlay-gradient":""}},"footnotes":""},"class_list":["post-189","page","type-page","status-publish","hentry"],"_links":{"self":[{"href":"https:\/\/paarberatung-hagemann.de\/index.php?rest_route=\/wp\/v2\/pages\/189","targetHints":{"allow":["GET"]}}],"collection":[{"href":"https:\/\/paarberatung-hagemann.de\/index.php?rest_route=\/wp\/v2\/pages"}],"about":[{"href":"https:\/\/paarberatung-hagemann.de\/index.php?rest_route=\/wp\/v2\/types\/page"}],"author":[{"embeddable":true,"href":"https:\/\/paarberatung-hagemann.de\/index.php?rest_route=\/wp\/v2\/users\/1"}],"replies":[{"embeddable":true,"href":"https:\/\/paarberatung-hagemann.de\/index.php?rest_route=%2Fwp%2Fv2%2Fcomments&post=189"}],"version-history":[{"count":18,"href":"https:\/\/paarberatung-hagemann.de\/index.php?rest_route=\/wp\/v2\/pages\/189\/revisions"}],"predecessor-version":[{"id":482,"href":"https:\/\/paarberatung-hagemann.de\/index.php?rest_route=\/wp\/v2\/pages\/189\/revisions\/482"}],"wp:attachment":[{"href":"https:\/\/paarberatung-hagemann.de\/index.php?rest_route=%2Fwp%2Fv2%2Fmedia&parent=189"}],"curies":[{"name":"wp","href":"https:\/\/api.w.org\/{rel}","templated":true}]}}