{"id":185,"date":"2019-12-30T16:35:58","date_gmt":"2019-12-30T16:35:58","guid":{"rendered":"http:\/\/paarberatung-hagemann.de\/?page_id=185"},"modified":"2024-09-04T18:02:24","modified_gmt":"2024-09-04T18:02:24","slug":"impressum","status":"publish","type":"page","link":"https:\/\/paarberatung-hagemann.de\/?page_id=185","title":{"rendered":"Impressum"},"content":{"rendered":"<\/p>\n<\/p>\n\n\n<p><strong>Paarberatung Sandra Hagemann<\/strong><br>Diplom Sozialp\u00e4dagogin &amp; Paarberaterin<br>Reichenbachstr.3<br>21335 L\u00fcneburg<br>Deutschland<br>Telefon: +49 \u2013 (0)176-50052857<br>E-Mail:\u00a0<a href=\"mailto:kontakt@paarberatung-hagemann.de\">kontakt@paarberatung-hagemann.de<\/a><br>Web:\u00a0<a href=\"http:\/\/www.paarberatung-hagemann.de\/\">www.paarberatung-hagemann.de<\/a><\/p>\n\n\n\n<p>Vertretungsberechtig und verantwortlich f\u00fcr den Inhalt: Sandra Hagemann<\/p>\n\n\n\n<p><strong>Quellen der Fotos<\/strong><br>www.unsplash.com &#8211; Einzelnachweise: siehe Foto<br>www.shutterstock.com &#8211; Einzelnachweise: siehe Foto<\/p>\n\n\n\n<p><strong>Homepageerstellung<\/strong><br>WordPress Installation<br>Basis des Themes: Astra<\/p>\n\n\n\n<p><strong>Streitschlichtung<\/strong><br>Die Europ\u00e4ische Kommission stellt eine Plattform zur Online-Streitbeilegung (OS) bereit: <a href=\"https:\/\/ec.europa.eu\/consumers\/odr\">https:\/\/ec.europa.eu\/consumers\/odr<\/a>.<br>Meine E-Mail-Adresse finden Sie oben im Impressum. Ich bin nicht bereit oder verpflichtet, an Streitbeilegungsverfahren vor einer Verbraucherschlichtungsstelle teilzunehmen.<\/p>\n\n\n\n<p><strong>Urheberrecht<\/strong><br>Die durch die Seitenbetreiberin erstellten Inhalte und Werke auf diesen Seiten unterliegen dem deutschen Urheberrecht. Die Vervielf\u00e4ltigung, Bearbeitung, Verbreitung und jede Art der Verwertung au\u00dferhalb der Grenzen des Urheberrechtes bed\u00fcrfen der schriftlichen Zustimmung der jeweiligen Autorin bzw. des jeweiligen Erstellers. Downloads und Kopien dieser Seite sind nur f\u00fcr den privaten, nicht kommerziellen Gebrauch gestattet. Soweit die Inhalte auf dieser Seite nicht vom Betreiber erstellt wurden, werden die Urheberrechte Dritter beachtet. Insbesondere werden Inhalte Dritter als solche gekennzeichnet. Sollten Sie trotzdem auf eine Urheberrechtsverletzung aufmerksam werden, bitte ich um einen entsprechenden Hinweis. Bei Bekanntwerden von Rechtsverletzungen werde ich derartige Inhalte umgehend entfernen.<\/p>\n","protected":false},"excerpt":{"rendered":"<p>Paarberatung Sandra HagemannDiplom Sozialp\u00e4dagogin &amp; PaarberaterinReichenbachstr.321335 L\u00fcneburgDeutschlandTelefon: +49 \u2013 (0)176-50052857E-Mail:\u00a0kontakt@paarberatung-hagemann.deWeb:\u00a0www.paarberatung-hagemann.de Vertretungsberechtig und verantwortlich f\u00fcr den Inhalt: Sandra Hagemann Quellen der Fotoswww.unsplash.com &#8211; Einzelnachweise: siehe Fotowww.shutterstock.com &#8211; Einzelnachweise: siehe Foto HomepageerstellungWordPress InstallationBasis des Themes: Astra StreitschlichtungDie Europ\u00e4ische Kommission stellt eine Plattform zur Online-Streitbeilegung (OS) bereit: https:\/\/ec.europa.eu\/consumers\/odr.Meine E-Mail-Adresse finden Sie oben im Impressum. Ich bin nicht bereit [&hellip;]<\/p>\n","protected":false},"author":1,"featured_media":0,"parent":0,"menu_order":0,"comment_status":"closed","ping_status":"closed","template":"","meta":{"site-sidebar-layout":"default","site-content-layout":"default","ast-site-content-layout":"default","site-content-style":"default","site-sidebar-style":"default","ast-global-header-display":"","ast-banner-title-visibility":"","ast-main-header-display":"","ast-hfb-above-header-display":"","ast-hfb-below-header-display":"","ast-hfb-mobile-header-display":"","site-post-title":"","ast-breadcrumbs-content":"","ast-featured-img":"","footer-sml-layout":"","ast-disable-related-posts":"","theme-transparent-header-meta":"default","adv-header-id-meta":"","stick-header-meta":"","header-above-stick-meta":"","header-main-stick-meta":"","header-below-stick-meta":"","astra-migrate-meta-layouts":"set","ast-page-background-enabled":"default","ast-page-background-meta":{"desktop":{"background-color":"","background-image":"","background-repeat":"repeat","background-position":"center center","background-size":"auto","background-attachment":"scroll","background-type":"","background-media":"","overlay-type":"","overlay-color":"","overlay-opacity":"","overlay-gradient":""},"tablet":{"background-color":"","background-image":"","background-repeat":"repeat","background-position":"center center","background-size":"auto","background-attachment":"scroll","background-type":"","background-media":"","overlay-type":"","overlay-color":"","overlay-opacity":"","overlay-gradient":""},"mobile":{"background-color":"","background-image":"","background-repeat":"repeat","background-position":"center center","background-size":"auto","background-attachment":"scroll","background-type":"","background-media":"","overlay-type":"","overlay-color":"","overlay-opacity":"","overlay-gradient":""}},"ast-content-background-meta":{"desktop":{"background-color":"var(--ast-global-color-5)","background-image":"","background-repeat":"repeat","background-position":"center center","background-size":"auto","background-attachment":"scroll","background-type":"","background-media":"","overlay-type":"","overlay-color":"","overlay-opacity":"","overlay-gradient":""},"tablet":{"background-color":"var(--ast-global-color-5)","background-image":"","background-repeat":"repeat","background-position":"center center","background-size":"auto","background-attachment":"scroll","background-type":"","background-media":"","overlay-type":"","overlay-color":"","overlay-opacity":"","overlay-gradient":""},"mobile":{"background-color":"var(--ast-global-color-5)","background-image":"","background-repeat":"repeat","background-position":"center center","background-size":"auto","background-attachment":"scroll","background-type":"","background-media":"","overlay-type":"","overlay-color":"","overlay-opacity":"","overlay-gradient":""}},"footnotes":""},"class_list":["post-185","page","type-page","status-publish","hentry"],"_links":{"self":[{"href":"https:\/\/paarberatung-hagemann.de\/index.php?rest_route=\/wp\/v2\/pages\/185","targetHints":{"allow":["GET"]}}],"collection":[{"href":"https:\/\/paarberatung-hagemann.de\/index.php?rest_route=\/wp\/v2\/pages"}],"about":[{"href":"https:\/\/paarberatung-hagemann.de\/index.php?rest_route=\/wp\/v2\/types\/page"}],"author":[{"embeddable":true,"href":"https:\/\/paarberatung-hagemann.de\/index.php?rest_route=\/wp\/v2\/users\/1"}],"replies":[{"embeddable":true,"href":"https:\/\/paarberatung-hagemann.de\/index.php?rest_route=%2Fwp%2Fv2%2Fcomments&post=185"}],"version-history":[{"count":17,"href":"https:\/\/paarberatung-hagemann.de\/index.php?rest_route=\/wp\/v2\/pages\/185\/revisions"}],"predecessor-version":[{"id":475,"href":"https:\/\/paarberatung-hagemann.de\/index.php?rest_route=\/wp\/v2\/pages\/185\/revisions\/475"}],"wp:attachment":[{"href":"https:\/\/paarberatung-hagemann.de\/index.php?rest_route=%2Fwp%2Fv2%2Fmedia&parent=185"}],"curies":[{"name":"wp","href":"https:\/\/api.w.org\/{rel}","templated":true}]}}