{"id":15,"date":"2019-12-26T15:33:20","date_gmt":"2019-12-26T15:33:20","guid":{"rendered":"http:\/\/paarberatung-hagemann.de\/?page_id=15"},"modified":"2021-10-01T18:03:35","modified_gmt":"2021-10-01T18:03:35","slug":"kontakt","status":"publish","type":"page","link":"https:\/\/paarberatung-hagemann.de\/?page_id=15","title":{"rendered":"Kontakt"},"content":{"rendered":"\n<div class=\"wp-block-media-text alignfull has-media-on-the-right is-stacked-on-mobile is-vertically-aligned-center\"><figure class=\"wp-block-media-text__media\"><img fetchpriority=\"high\" decoding=\"async\" width=\"1024\" height=\"624\" src=\"http:\/\/paarberatung-hagemann.de\/wp-content\/uploads\/2019\/12\/DSC_0054_4-1024x624.jpg\" alt=\"\" class=\"wp-image-179 size-full\" srcset=\"https:\/\/paarberatung-hagemann.de\/wp-content\/uploads\/2019\/12\/DSC_0054_4-1024x624.jpg 1024w, https:\/\/paarberatung-hagemann.de\/wp-content\/uploads\/2019\/12\/DSC_0054_4-300x183.jpg 300w, https:\/\/paarberatung-hagemann.de\/wp-content\/uploads\/2019\/12\/DSC_0054_4-768x468.jpg 768w, https:\/\/paarberatung-hagemann.de\/wp-content\/uploads\/2019\/12\/DSC_0054_4-1536x936.jpg 1536w, https:\/\/paarberatung-hagemann.de\/wp-content\/uploads\/2019\/12\/DSC_0054_4-2048x1247.jpg 2048w\" sizes=\"(max-width: 1024px) 100vw, 1024px\" \/><\/figure><div class=\"wp-block-media-text__content\">\n<p class=\"has-medium-font-size\"><strong>Paarberatung<\/strong> <strong>Sandra Hagemann<\/strong><br>Reichenbachstr. 3<br>21335 L\u00fcneburg<br>Telefon: 0176-50052857<br>E-Mail: <a href=\"mailto:info@paarberatung-hagemann.de\">kontakt@paarberatung-hagemann.de<\/a><\/p>\n\n\n\n<p class=\"has-medium-font-size\">Sie finden mich in den R\u00e4umen der<br><em><a href=\"http:\/\/www.praxis-paarberatung-lueneburg.de\">Praxis f\u00fcr Paarberatung L\u00fcneburg<\/a><br>Eva Heilmann <\/em><br><em>Reichenbachstr. 3<br>21335 L\u00fcneburg<\/em><\/p>\n<\/div><\/div>\n\n\n\n<p>In unmittelbarer N\u00e4he finden Sie mehrere Parkm\u00f6glichkeiten. Mit \u00f6ffentlichen Verkehrsmitteln erreichen Sie die Praxis vom Bahnhof L\u00fcneburg aus in ca. 10 Minuten zu Fu\u00df oder mit dem Bus 5002 Richtung Bardowick Wendeplatz bis zur Haltestelle Reichenbachplatz in ca. 7 Minuten.<\/p>\n","protected":false},"excerpt":{"rendered":"<p>Paarberatung Sandra HagemannReichenbachstr. 321335 L\u00fcneburgTelefon: 0176-50052857E-Mail: kontakt@paarberatung-hagemann.de Sie finden mich in den R\u00e4umen derPraxis f\u00fcr Paarberatung L\u00fcneburgEva Heilmann Reichenbachstr. 321335 L\u00fcneburg In unmittelbarer N\u00e4he finden Sie mehrere Parkm\u00f6glichkeiten. Mit \u00f6ffentlichen Verkehrsmitteln erreichen Sie die Praxis vom Bahnhof L\u00fcneburg aus in ca. 10 Minuten zu Fu\u00df oder mit dem Bus 5002 Richtung Bardowick Wendeplatz bis zur [&hellip;]<\/p>\n","protected":false},"author":1,"featured_media":0,"parent":0,"menu_order":0,"comment_status":"closed","ping_status":"closed","template":"","meta":{"site-sidebar-layout":"default","site-content-layout":"default","ast-site-content-layout":"default","site-content-style":"default","site-sidebar-style":"default","ast-global-header-display":"","ast-banner-title-visibility":"","ast-main-header-display":"","ast-hfb-above-header-display":"","ast-hfb-below-header-display":"","ast-hfb-mobile-header-display":"","site-post-title":"disabled","ast-breadcrumbs-content":"","ast-featured-img":"","footer-sml-layout":"","ast-disable-related-posts":"","theme-transparent-header-meta":"default","adv-header-id-meta":"","stick-header-meta":"","header-above-stick-meta":"","header-main-stick-meta":"","header-below-stick-meta":"","astra-migrate-meta-layouts":"default","ast-page-background-enabled":"default","ast-page-background-meta":{"desktop":{"background-color":"","background-image":"","background-repeat":"repeat","background-position":"center center","background-size":"auto","background-attachment":"scroll","background-type":"","background-media":"","overlay-type":"","overlay-color":"","overlay-opacity":"","overlay-gradient":""},"tablet":{"background-color":"","background-image":"","background-repeat":"repeat","background-position":"center center","background-size":"auto","background-attachment":"scroll","background-type":"","background-media":"","overlay-type":"","overlay-color":"","overlay-opacity":"","overlay-gradient":""},"mobile":{"background-color":"","background-image":"","background-repeat":"repeat","background-position":"center center","background-size":"auto","background-attachment":"scroll","background-type":"","background-media":"","overlay-type":"","overlay-color":"","overlay-opacity":"","overlay-gradient":""}},"ast-content-background-meta":{"desktop":{"background-color":"var(--ast-global-color-5)","background-image":"","background-repeat":"repeat","background-position":"center center","background-size":"auto","background-attachment":"scroll","background-type":"","background-media":"","overlay-type":"","overlay-color":"","overlay-opacity":"","overlay-gradient":""},"tablet":{"background-color":"var(--ast-global-color-5)","background-image":"","background-repeat":"repeat","background-position":"center center","background-size":"auto","background-attachment":"scroll","background-type":"","background-media":"","overlay-type":"","overlay-color":"","overlay-opacity":"","overlay-gradient":""},"mobile":{"background-color":"var(--ast-global-color-5)","background-image":"","background-repeat":"repeat","background-position":"center center","background-size":"auto","background-attachment":"scroll","background-type":"","background-media":"","overlay-type":"","overlay-color":"","overlay-opacity":"","overlay-gradient":""}},"footnotes":""},"class_list":["post-15","page","type-page","status-publish","hentry"],"_links":{"self":[{"href":"https:\/\/paarberatung-hagemann.de\/index.php?rest_route=\/wp\/v2\/pages\/15","targetHints":{"allow":["GET"]}}],"collection":[{"href":"https:\/\/paarberatung-hagemann.de\/index.php?rest_route=\/wp\/v2\/pages"}],"about":[{"href":"https:\/\/paarberatung-hagemann.de\/index.php?rest_route=\/wp\/v2\/types\/page"}],"author":[{"embeddable":true,"href":"https:\/\/paarberatung-hagemann.de\/index.php?rest_route=\/wp\/v2\/users\/1"}],"replies":[{"embeddable":true,"href":"https:\/\/paarberatung-hagemann.de\/index.php?rest_route=%2Fwp%2Fv2%2Fcomments&post=15"}],"version-history":[{"count":32,"href":"https:\/\/paarberatung-hagemann.de\/index.php?rest_route=\/wp\/v2\/pages\/15\/revisions"}],"predecessor-version":[{"id":464,"href":"https:\/\/paarberatung-hagemann.de\/index.php?rest_route=\/wp\/v2\/pages\/15\/revisions\/464"}],"wp:attachment":[{"href":"https:\/\/paarberatung-hagemann.de\/index.php?rest_route=%2Fwp%2Fv2%2Fmedia&parent=15"}],"curies":[{"name":"wp","href":"https:\/\/api.w.org\/{rel}","templated":true}]}}