{"id":13,"date":"2019-12-26T15:33:33","date_gmt":"2019-12-26T15:33:33","guid":{"rendered":"http:\/\/paarberatung-hagemann.de\/?page_id=13"},"modified":"2026-01-09T15:22:08","modified_gmt":"2026-01-09T15:22:08","slug":"leistungen","status":"publish","type":"page","link":"https:\/\/paarberatung-hagemann.de\/?page_id=13","title":{"rendered":"Leistungen"},"content":{"rendered":"\n<figure class=\"wp-block-image alignfull size-large\"><img fetchpriority=\"high\" decoding=\"async\" width=\"1024\" height=\"675\" src=\"http:\/\/paarberatung-hagemann.de\/wp-content\/uploads\/2020\/02\/daniel-mccarthy-themccarthy-STiy8k81V_g-unsplash_Leuchtturm-2-1024x675.jpg\" alt=\"Photo by Daniel McCarthy @themccarthy on Unsplash\" class=\"wp-image-373\" srcset=\"https:\/\/paarberatung-hagemann.de\/wp-content\/uploads\/2020\/02\/daniel-mccarthy-themccarthy-STiy8k81V_g-unsplash_Leuchtturm-2-1024x675.jpg 1024w, https:\/\/paarberatung-hagemann.de\/wp-content\/uploads\/2020\/02\/daniel-mccarthy-themccarthy-STiy8k81V_g-unsplash_Leuchtturm-2-300x198.jpg 300w, https:\/\/paarberatung-hagemann.de\/wp-content\/uploads\/2020\/02\/daniel-mccarthy-themccarthy-STiy8k81V_g-unsplash_Leuchtturm-2-768x506.jpg 768w, https:\/\/paarberatung-hagemann.de\/wp-content\/uploads\/2020\/02\/daniel-mccarthy-themccarthy-STiy8k81V_g-unsplash_Leuchtturm-2-1536x1012.jpg 1536w, https:\/\/paarberatung-hagemann.de\/wp-content\/uploads\/2020\/02\/daniel-mccarthy-themccarthy-STiy8k81V_g-unsplash_Leuchtturm-2-2048x1350.jpg 2048w\" sizes=\"(max-width: 1024px) 100vw, 1024px\" \/><figcaption class=\"wp-element-caption\"> <\/figcaption><\/figure>\n\n\n\n<p class=\"has-text-align-right has-small-font-size\">Photo by <a href=\"https:\/\/unsplash.com\/@danielmccarthy?utm_source=unsplash&amp;utm_medium=referral&amp;utm_content=creditCopyText\">Daniel McCarthy @themccarthy<\/a> on <a href=\"https:\/\/unsplash.com\/s\/photos\/lighthouse?utm_source=unsplash&amp;utm_medium=referral&amp;utm_content=creditCopyText\">Unsplash<\/a><\/p>\n\n\n\n<h2 class=\"wp-block-heading\">Paarberatung<\/h2>\n\n\n\n<p>Der Beratungsprozess beginnt mit einem unverbindlichen Erstgespr\u00e4ch. Jeder Weg ist dann so individuell wie die Menschen, die ihn gehen. In der Regel ist eine Paarberatung ein Prozess \u00fcber mehrere Sitzungen. Diese finden, wenn m\u00f6glich, 14-t\u00e4gig statt und dauern jeweils 75 Minuten.<\/p>\n\n\n\n<h2 class=\"wp-block-heading\">Erstgespr\u00e4ch<\/h2>\n\n\n\n<p>Das erste Gespr\u00e4ch dient dem gemeinsamen Kennenlernen und Einsch\u00e4tzen, ob eine Paarberatung in Ihrer aktuellen Situation die richtige Wahl ist. Entscheiden Sie sich f\u00fcr eine Beratung, vereinbaren wir die m\u00f6gliche Dauer der Beratung und weitere Termine.<\/p>\n\n\n\n<h2 class=\"wp-block-heading\">Kosten<\/h2>\n\n\n\n<p>Die Kosten betragen 150,- Euro f\u00fcr jede Sitzung (75 Minuten). Von den Krankenkassen werden die Kosten leider nicht \u00fcbernommen.<\/p>\n\n\n\n<h2 class=\"wp-block-heading\">Terminabsagen<\/h2>\n\n\n\n<p>Wenn Sie einen Termin nicht wahrnehmen k\u00f6nnen, informieren Sie mich bitte rechtzeitig vorher per Mail. Bei kurzfristigeren Absagen unter 48 Stunden muss ich Ihnen die Kosten berechnen, da der Termin nicht anderweitig vergeben werden kann.<\/p>\n","protected":false},"excerpt":{"rendered":"<p>Photo by Daniel McCarthy @themccarthy on Unsplash Paarberatung Der Beratungsprozess beginnt mit einem unverbindlichen Erstgespr\u00e4ch. Jeder Weg ist dann so individuell wie die Menschen, die ihn gehen. In der Regel ist eine Paarberatung ein Prozess \u00fcber mehrere Sitzungen. Diese finden, wenn m\u00f6glich, 14-t\u00e4gig statt und dauern jeweils 75 Minuten. Erstgespr\u00e4ch Das erste Gespr\u00e4ch dient dem [&hellip;]<\/p>\n","protected":false},"author":1,"featured_media":0,"parent":0,"menu_order":0,"comment_status":"closed","ping_status":"closed","template":"","meta":{"site-sidebar-layout":"default","site-content-layout":"default","ast-site-content-layout":"default","site-content-style":"default","site-sidebar-style":"default","ast-global-header-display":"","ast-banner-title-visibility":"","ast-main-header-display":"","ast-hfb-above-header-display":"","ast-hfb-below-header-display":"","ast-hfb-mobile-header-display":"","site-post-title":"disabled","ast-breadcrumbs-content":"","ast-featured-img":"","footer-sml-layout":"","ast-disable-related-posts":"","theme-transparent-header-meta":"default","adv-header-id-meta":"","stick-header-meta":"","header-above-stick-meta":"","header-main-stick-meta":"","header-below-stick-meta":"","astra-migrate-meta-layouts":"set","ast-page-background-enabled":"default","ast-page-background-meta":{"desktop":{"background-color":"","background-image":"","background-repeat":"repeat","background-position":"center center","background-size":"auto","background-attachment":"scroll","background-type":"","background-media":"","overlay-type":"","overlay-color":"","overlay-opacity":"","overlay-gradient":""},"tablet":{"background-color":"","background-image":"","background-repeat":"repeat","background-position":"center center","background-size":"auto","background-attachment":"scroll","background-type":"","background-media":"","overlay-type":"","overlay-color":"","overlay-opacity":"","overlay-gradient":""},"mobile":{"background-color":"","background-image":"","background-repeat":"repeat","background-position":"center center","background-size":"auto","background-attachment":"scroll","background-type":"","background-media":"","overlay-type":"","overlay-color":"","overlay-opacity":"","overlay-gradient":""}},"ast-content-background-meta":{"desktop":{"background-color":"var(--ast-global-color-5)","background-image":"","background-repeat":"repeat","background-position":"center center","background-size":"auto","background-attachment":"scroll","background-type":"","background-media":"","overlay-type":"","overlay-color":"","overlay-opacity":"","overlay-gradient":""},"tablet":{"background-color":"var(--ast-global-color-5)","background-image":"","background-repeat":"repeat","background-position":"center center","background-size":"auto","background-attachment":"scroll","background-type":"","background-media":"","overlay-type":"","overlay-color":"","overlay-opacity":"","overlay-gradient":""},"mobile":{"background-color":"var(--ast-global-color-5)","background-image":"","background-repeat":"repeat","background-position":"center center","background-size":"auto","background-attachment":"scroll","background-type":"","background-media":"","overlay-type":"","overlay-color":"","overlay-opacity":"","overlay-gradient":""}},"footnotes":""},"class_list":["post-13","page","type-page","status-publish","hentry"],"_links":{"self":[{"href":"https:\/\/paarberatung-hagemann.de\/index.php?rest_route=\/wp\/v2\/pages\/13","targetHints":{"allow":["GET"]}}],"collection":[{"href":"https:\/\/paarberatung-hagemann.de\/index.php?rest_route=\/wp\/v2\/pages"}],"about":[{"href":"https:\/\/paarberatung-hagemann.de\/index.php?rest_route=\/wp\/v2\/types\/page"}],"author":[{"embeddable":true,"href":"https:\/\/paarberatung-hagemann.de\/index.php?rest_route=\/wp\/v2\/users\/1"}],"replies":[{"embeddable":true,"href":"https:\/\/paarberatung-hagemann.de\/index.php?rest_route=%2Fwp%2Fv2%2Fcomments&post=13"}],"version-history":[{"count":25,"href":"https:\/\/paarberatung-hagemann.de\/index.php?rest_route=\/wp\/v2\/pages\/13\/revisions"}],"predecessor-version":[{"id":480,"href":"https:\/\/paarberatung-hagemann.de\/index.php?rest_route=\/wp\/v2\/pages\/13\/revisions\/480"}],"wp:attachment":[{"href":"https:\/\/paarberatung-hagemann.de\/index.php?rest_route=%2Fwp%2Fv2%2Fmedia&parent=13"}],"curies":[{"name":"wp","href":"https:\/\/api.w.org\/{rel}","templated":true}]}}