{"id":11,"date":"2019-12-26T15:35:34","date_gmt":"2019-12-26T15:35:34","guid":{"rendered":"http:\/\/paarberatung-hagemann.de\/?page_id=11"},"modified":"2021-10-01T18:01:25","modified_gmt":"2021-10-01T18:01:25","slug":"ueber-mich","status":"publish","type":"page","link":"https:\/\/paarberatung-hagemann.de\/?page_id=11","title":{"rendered":"\u00dcber mich"},"content":{"rendered":"\n<h3 class=\"has-text-align-center wp-block-heading\"><strong>Distanz \u00fcberbr\u00fccken. Sich  verstanden f\u00fchlen.<\/strong> <strong>Wege zueinander finden.<\/strong><\/h3>\n\n\n\n<figure class=\"wp-block-image alignfull size-large\"><img fetchpriority=\"high\" decoding=\"async\" width=\"1024\" height=\"386\" src=\"http:\/\/paarberatung-hagemann.de\/wp-content\/uploads\/2020\/03\/Br\u00fcckenfoto-1024x386.jpg\" alt=\"\" class=\"wp-image-441\" srcset=\"https:\/\/paarberatung-hagemann.de\/wp-content\/uploads\/2020\/03\/Br\u00fcckenfoto-1024x386.jpg 1024w, https:\/\/paarberatung-hagemann.de\/wp-content\/uploads\/2020\/03\/Br\u00fcckenfoto-300x113.jpg 300w, https:\/\/paarberatung-hagemann.de\/wp-content\/uploads\/2020\/03\/Br\u00fcckenfoto-768x289.jpg 768w, https:\/\/paarberatung-hagemann.de\/wp-content\/uploads\/2020\/03\/Br\u00fcckenfoto-1536x578.jpg 1536w, https:\/\/paarberatung-hagemann.de\/wp-content\/uploads\/2020\/03\/Br\u00fcckenfoto-2048x771.jpg 2048w\" sizes=\"(max-width: 1024px) 100vw, 1024px\" \/><\/figure>\n\n\n\n<p><\/p>\n\n\n\n<p>In meine Arbeit mit Ihnen und f\u00fcr Sie flie\u00dfen unterschiedliche Qualifikationen und meine langj\u00e4hrigen Erfahrungen in der Einzel- und Paarberatung ein. Seit 2013 bin ich als Beraterin f\u00fcr Einzelpersonen, Paare und Familien in der Lebensberatung des Diakonischen Werkes in Winsen t\u00e4tig. Parallel arbeite ich in einer Praxis in L\u00fcneburg und begleite auch hier Paare in Krisensituationen.<\/p>\n\n\n\n<p>Vor der Beratungst\u00e4tigkeit war ich sechs Jahre als Pr\u00e4ventionsfachkraft beim Deutschen Kinderschutzbund im Landkreis Harburg angestellt (Schwerpunkt: Pr\u00e4vention sexueller Gewalt). Davor habe ich mehrere Jahre selbstst\u00e4ndig als Elternkursleiterin (\u201eStarke Eltern \u2013 Starke Kinder\u201c) Elternkurse f\u00fcr den Deutschen Kinderschutzbund angeboten. Meine Wurzeln liegen in der au\u00dferschulischen Kinder- und Jugendarbeit.<\/p>\n\n\n\n<p>Was ich tue, mache ich mit Herz und Humor. Wenn sich im Beratungsprozess etwas Wunderbares, Neues im Miteinander zeigt, freue ich mich gemeinsam mit den Paaren.<\/p>\n\n\n\n<p>Oft ist Ver\u00e4nderung n\u00e4her als Sie glauben &#8211; sie f\u00e4ngt dort an, wo Menschen einen neuen Blick auf sich, auf das Gegen\u00fcber oder die Beziehung  gewinnen.<\/p>\n\n\n\n<h2 class=\"wp-block-heading\">Qualifikationen im Beratungsbereich<\/h2>\n\n\n\n<ul class=\"wp-block-list\"><li>EFT-Paartherapeutin  ( ICEEFT: International Centre for Excellence in Emotionally Focused Therapy, Matthias Angelstorf, Berlin &#8211; Emotionsfokussierte Paartherapie)<\/li><li>Paarberaterin  (EZI: Evangelisches Zentralinstitut, Berlin &#8211; Psychoanalytisch-Systemische Paartherapie)<\/li><li>Systemische Beraterin (DGSF: Deutsche Gesellschaft f\u00fcr Systemische Therapie, Beratung und Familientherapie, Hamburgisches Institut f\u00fcr Systemische Weiterbildung)<\/li><li>Diplom-Sozialp\u00e4dagogin (HAW: Hochschule f\u00fcr Angewandte Wissenschaften Hamburg)<\/li><\/ul>\n\n\n\n<h2 class=\"wp-block-heading\">Mitgliedschaften<\/h2>\n\n\n\n<ul class=\"wp-block-list\"><li>EFTCD  (Emotionsfokussierte Paartherapie Community Deutschland e. V.)<\/li><li>DGSF  (Deutsche Gesellschaft f\u00fcr Systemische Therapie, Beratung und Familientherapie)  <\/li><\/ul>\n\n\n\n<h2 class=\"wp-block-heading\">Qualit\u00e4tssicherung<\/h2>\n\n\n\n<p>Regelm\u00e4\u00dfige Intervision und Supervision <\/p>\n","protected":false},"excerpt":{"rendered":"<p>Distanz \u00fcberbr\u00fccken. Sich verstanden f\u00fchlen. Wege zueinander finden. In meine Arbeit mit Ihnen und f\u00fcr Sie flie\u00dfen unterschiedliche Qualifikationen und meine langj\u00e4hrigen Erfahrungen in der Einzel- und Paarberatung ein. Seit 2013 bin ich als Beraterin f\u00fcr Einzelpersonen, Paare und Familien in der Lebensberatung des Diakonischen Werkes in Winsen t\u00e4tig. Parallel arbeite ich in einer Praxis [&hellip;]<\/p>\n","protected":false},"author":1,"featured_media":0,"parent":0,"menu_order":0,"comment_status":"closed","ping_status":"closed","template":"","meta":{"site-sidebar-layout":"default","site-content-layout":"default","ast-site-content-layout":"default","site-content-style":"default","site-sidebar-style":"default","ast-global-header-display":"","ast-banner-title-visibility":"","ast-main-header-display":"","ast-hfb-above-header-display":"","ast-hfb-below-header-display":"","ast-hfb-mobile-header-display":"","site-post-title":"disabled","ast-breadcrumbs-content":"","ast-featured-img":"","footer-sml-layout":"","ast-disable-related-posts":"","theme-transparent-header-meta":"default","adv-header-id-meta":"","stick-header-meta":"","header-above-stick-meta":"","header-main-stick-meta":"","header-below-stick-meta":"","astra-migrate-meta-layouts":"default","ast-page-background-enabled":"default","ast-page-background-meta":{"desktop":{"background-color":"","background-image":"","background-repeat":"repeat","background-position":"center center","background-size":"auto","background-attachment":"scroll","background-type":"","background-media":"","overlay-type":"","overlay-color":"","overlay-opacity":"","overlay-gradient":""},"tablet":{"background-color":"","background-image":"","background-repeat":"repeat","background-position":"center center","background-size":"auto","background-attachment":"scroll","background-type":"","background-media":"","overlay-type":"","overlay-color":"","overlay-opacity":"","overlay-gradient":""},"mobile":{"background-color":"","background-image":"","background-repeat":"repeat","background-position":"center center","background-size":"auto","background-attachment":"scroll","background-type":"","background-media":"","overlay-type":"","overlay-color":"","overlay-opacity":"","overlay-gradient":""}},"ast-content-background-meta":{"desktop":{"background-color":"var(--ast-global-color-5)","background-image":"","background-repeat":"repeat","background-position":"center center","background-size":"auto","background-attachment":"scroll","background-type":"","background-media":"","overlay-type":"","overlay-color":"","overlay-opacity":"","overlay-gradient":""},"tablet":{"background-color":"var(--ast-global-color-5)","background-image":"","background-repeat":"repeat","background-position":"center center","background-size":"auto","background-attachment":"scroll","background-type":"","background-media":"","overlay-type":"","overlay-color":"","overlay-opacity":"","overlay-gradient":""},"mobile":{"background-color":"var(--ast-global-color-5)","background-image":"","background-repeat":"repeat","background-position":"center center","background-size":"auto","background-attachment":"scroll","background-type":"","background-media":"","overlay-type":"","overlay-color":"","overlay-opacity":"","overlay-gradient":""}},"footnotes":""},"class_list":["post-11","page","type-page","status-publish","hentry"],"_links":{"self":[{"href":"https:\/\/paarberatung-hagemann.de\/index.php?rest_route=\/wp\/v2\/pages\/11","targetHints":{"allow":["GET"]}}],"collection":[{"href":"https:\/\/paarberatung-hagemann.de\/index.php?rest_route=\/wp\/v2\/pages"}],"about":[{"href":"https:\/\/paarberatung-hagemann.de\/index.php?rest_route=\/wp\/v2\/types\/page"}],"author":[{"embeddable":true,"href":"https:\/\/paarberatung-hagemann.de\/index.php?rest_route=\/wp\/v2\/users\/1"}],"replies":[{"embeddable":true,"href":"https:\/\/paarberatung-hagemann.de\/index.php?rest_route=%2Fwp%2Fv2%2Fcomments&post=11"}],"version-history":[{"count":36,"href":"https:\/\/paarberatung-hagemann.de\/index.php?rest_route=\/wp\/v2\/pages\/11\/revisions"}],"predecessor-version":[{"id":463,"href":"https:\/\/paarberatung-hagemann.de\/index.php?rest_route=\/wp\/v2\/pages\/11\/revisions\/463"}],"wp:attachment":[{"href":"https:\/\/paarberatung-hagemann.de\/index.php?rest_route=%2Fwp%2Fv2%2Fmedia&parent=11"}],"curies":[{"name":"wp","href":"https:\/\/api.w.org\/{rel}","templated":true}]}}